{"id":2933,"date":"2022-10-01T17:00:48","date_gmt":"2022-10-01T17:00:48","guid":{"rendered":"http:\/\/matulewiczpaslek.pl\/?page_id=2933"},"modified":"2022-10-01T17:08:56","modified_gmt":"2022-10-01T17:08:56","slug":"zywy-rozaniec","status":"publish","type":"page","link":"https:\/\/matulewiczpaslek.pl\/index.php\/zywy-rozaniec\/","title":{"rendered":"\u017bywy R\u00f3\u017caniec"},"content":{"rendered":"<p>[vc_row background_image_size=&#8221;&#8221; disable_background_image=&#8221;&#8221; css=&#8221;.vc_custom_1664643742618{padding-top: 109px !important;padding-bottom: 63px !important;background-position: center !important;background-repeat: no-repeat !important;background-size: cover !important;}&#8221; simple_background_image=&#8221;2937&#8243;][vc_column css=&#8221;.vc_custom_1566902941587{padding-top: 0px !important;}&#8221; offset=&#8221;vc_col-lg-6&#8243;]<div class=\"eltdf-elements-holder   eltdf-one-column  eltdf-responsive-mode-768 \" ><div class=\"eltdf-eh-item    \"  data-item-class=\"eltdf-eh-custom-9719\" data-1400-1600=\"22px 12% 0 8.8%\" data-1025-1399=\"22px 3% 0 18.6%\" data-769-1024=\"22px 39% 0 11.6%\" data-681-768=\"22px 85px 0\" data-680=\"22px 38px 0\">\n\t<div class=\"eltdf-eh-item-inner\">\n\t\t<div class=\"eltdf-eh-item-content eltdf-eh-custom-9719\" style=\"padding: 22px 17% 0 26.6%\">\n\t\t\t<div class=\"eltdf-section-title-holder  \" >\n\t<div class=\"eltdf-st-inner\">\n\t\t\t\t\t<div class=\"eltdf-st-tagline\" style=\"color: #d7b56d\">\n\t\t\t\tJak paciorki r\u00f3\u017ca\u0144ca...\t\t\t<\/div>\n\t\t\t\t\t\t\t<h3 class=\"eltdf-st-title\" >\n\t\t\t\t\u017bywy R\u00f3\u017caniec\t\t\t<\/h3>\n\t\t\t\t\t\t\t<div class=\"eltdf-st-subtitle\" style=\"color: #353535\">\n\t\t\t\t\u017bywy R\u00f3\u017caniec jest wsp\u00f3lnot\u0105 os\u00f3b, kt\u00f3re otaczaj\u0105 modlitewn\u0105 opiek\u0105 tych, kt\u00f3rzy najbardziej jej potrzebuj\u0105, id\u0105c za wskazaniami Stolicy Apostolskiej (wed\u0142ug papieskich intencji modlitewnych).\t\t\t<\/div>\n\t\t\t\t\t\t\t<p class=\"eltdf-st-text\" style=\"color: #353535\">\n\t\t\t\tUczestnictwo w \u017bywym R\u00f3\u017ca\u0144cu polega na przynale\u017cno\u015bci do grupy zwanej r\u00f3\u017c\u0105. Ka\u017cda osoba z r\u00f3\u017cy przez miesi\u0105c odmawia jedn\u0105 z 20 tajemnic r\u00f3\u017ca\u0144cowych. Zmiana odmawianych tajemnic jest dokonywana w pierwszym dniu miesi\u0105ca w porz\u0105dku ustalonym z g\u00f3ry na dany rok kalendarzowy. Ze wzgl\u0119du na intencj\u0119 misyjn\u0105 odmawianego r\u00f3\u017ca\u0144ca uwzgl\u0119dnia si\u0119 r\u00f3wnie\u017c zmian\u0119 Papieskich Intencji Misyjnych na dany rok i ka\u017cdy miesi\u0105c.\t\t\t<\/p>\n\t\t\t\t\t\t\t<div class=\"eltdf-st-button\"><a itemprop=\"url\" href=\"https:\/\/misyjne.pl\/o-pio-jedynym-dziedzictwem-jakie-wam-zostawiam-jest-rozaniec-swiety\/\" target=\"_blank\"  class=\"eltdf-btn eltdf-btn-medium eltdf-btn-solid eltdf-btn-with-prefix\" data-type=\"solid\" >    <span class=\"eltdf-btn-text\">\u015aw. Ojciec Pio o R\u00f3\u017ca\u0144cu<\/span>    <\/a><\/div>\n\t\t\t<\/div>\n<\/div>[vc_empty_space height=&#8221;33px&#8221;]\t\t<\/div>\n\t<\/div>\n<\/div><\/div>[\/vc_column][vc_column css=&#8221;.vc_custom_1566902947830{padding-top: 0px !important;}&#8221; offset=&#8221;vc_col-lg-6&#8243;]<div class=\"eltdf-elements-holder   eltdf-one-column  eltdf-responsive-mode-768 \" ><div class=\"eltdf-eh-item    \"  data-item-class=\"eltdf-eh-custom-9949\" data-1400-1600=\"45px 0 0 7%\" data-1025-1399=\"0% 0 0 6%\" data-681-768=\"0 0 12px 15%\" data-680=\"0 0 40px 9.5%\">\n\t<div class=\"eltdf-eh-item-inner\">\n\t\t<div class=\"eltdf-eh-item-content eltdf-eh-custom-9949\" style=\"padding: 0 0 0 17%\">\n\t\t\t[vc_single_image image=&#8221;2934&#8243; img_size=&#8221;504&#215;491&#8243; add_caption=&#8221;yes&#8221;]\t\t<\/div>\n\t<\/div>\n<\/div><\/div>[\/vc_column][\/vc_row]<\/p>\n","protected":false},"excerpt":{"rendered":"<p>[vc_row background_image_size=&#8221;&#8221; disable_background_image=&#8221;&#8221; css=&#8221;.vc_custom_1664643742618{padding-top: 109px !important;padding-bottom: 63px !important;background-position: center !important;background-repeat: no-repeat !important;background-size: cover !important;}&#8221; simple_background_image=&#8221;2937&#8243;][vc_column css=&#8221;.vc_custom_1566902941587{padding-top: 0px !important;}&#8221; offset=&#8221;vc_col-lg-6&#8243;][\/vc_column][vc_column css=&#8221;.vc_custom_1566902947830{padding-top: 0px !important;}&#8221; offset=&#8221;vc_col-lg-6&#8243;][\/vc_column][\/vc_row]<\/p>\n","protected":false},"author":1,"featured_media":0,"parent":0,"menu_order":0,"comment_status":"closed","ping_status":"closed","template":"full-width.php","meta":{"footnotes":"","_links_to":"","_links_to_target":""},"class_list":["post-2933","page","type-page","status-publish","hentry"],"_links":{"self":[{"href":"https:\/\/matulewiczpaslek.pl\/index.php\/wp-json\/wp\/v2\/pages\/2933","targetHints":{"allow":["GET"]}}],"collection":[{"href":"https:\/\/matulewiczpaslek.pl\/index.php\/wp-json\/wp\/v2\/pages"}],"about":[{"href":"https:\/\/matulewiczpaslek.pl\/index.php\/wp-json\/wp\/v2\/types\/page"}],"author":[{"embeddable":true,"href":"https:\/\/matulewiczpaslek.pl\/index.php\/wp-json\/wp\/v2\/users\/1"}],"replies":[{"embeddable":true,"href":"https:\/\/matulewiczpaslek.pl\/index.php\/wp-json\/wp\/v2\/comments?post=2933"}],"version-history":[{"count":9,"href":"https:\/\/matulewiczpaslek.pl\/index.php\/wp-json\/wp\/v2\/pages\/2933\/revisions"}],"predecessor-version":[{"id":2945,"href":"https:\/\/matulewiczpaslek.pl\/index.php\/wp-json\/wp\/v2\/pages\/2933\/revisions\/2945"}],"wp:attachment":[{"href":"https:\/\/matulewiczpaslek.pl\/index.php\/wp-json\/wp\/v2\/media?parent=2933"}],"curies":[{"name":"wp","href":"https:\/\/api.w.org\/{rel}","templated":true}]}}