{"id":2883,"date":"2022-10-01T14:34:46","date_gmt":"2022-10-01T14:34:46","guid":{"rendered":"http:\/\/matulewiczpaslek.pl\/?page_id=2883"},"modified":"2022-10-12T09:28:29","modified_gmt":"2022-10-12T07:28:29","slug":"zespol-muzyczny","status":"publish","type":"page","link":"https:\/\/matulewiczpaslek.pl\/index.php\/zespol-muzyczny\/","title":{"rendered":"Zesp\u00f3\u0142 &#8222;Przebudzenie&#8221;"},"content":{"rendered":"<p>[vc_row background_image_size=&#8221;&#8221; disable_background_image=&#8221;&#8221; css=&#8221;.vc_custom_1664635068932{padding-top: 109px !important;padding-bottom: 63px !important;background-position: center !important;background-repeat: no-repeat !important;background-size: cover !important;}&#8221; simple_background_image=&#8221;2886&#8243;][vc_column css=&#8221;.vc_custom_1566902941587{padding-top: 0px !important;}&#8221; offset=&#8221;vc_col-lg-6&#8243;]<div class=\"eltdf-elements-holder   eltdf-one-column  eltdf-responsive-mode-768 \" ><div class=\"eltdf-eh-item   eltdf-horizontal-alignment-right \"  data-item-class=\"eltdf-eh-custom-6771\" data-1400-1600=\"45px 0 0 7%\" data-1025-1399=\"0% 0 0 6%\" data-681-768=\"0 0 12px 15%\" data-680=\"0 0 40px 9.5%\">\n\t<div class=\"eltdf-eh-item-inner\">\n\t\t<div class=\"eltdf-eh-item-content eltdf-eh-custom-6771\" style=\"padding: 0 0 0 17%\">\n\t\t\t[vc_single_image image=&#8221;3243&#8243; img_size=&#8221;large&#8221; add_caption=&#8221;yes&#8221;]\t\t<\/div>\n\t<\/div>\n<\/div><\/div>[\/vc_column][vc_column css=&#8221;.vc_custom_1566902947830{padding-top: 0px !important;}&#8221; offset=&#8221;vc_col-lg-6&#8243;]<div class=\"eltdf-elements-holder   eltdf-one-column  eltdf-responsive-mode-768 \" ><div class=\"eltdf-eh-item    \"  data-item-class=\"eltdf-eh-custom-1107\" data-1400-1600=\"22px 12% 0 8.8%\" data-1025-1399=\"22px 3% 0 18.6%\" data-769-1024=\"22px 39% 0 11.6%\" data-681-768=\"22px 85px 0\" data-680=\"22px 38px 0\">\n\t<div class=\"eltdf-eh-item-inner\">\n\t\t<div class=\"eltdf-eh-item-content eltdf-eh-custom-1107\" style=\"padding: 22px 17% 0 26.6%\">\n\t\t\t<div class=\"eltdf-section-title-holder  \" >\n\t<div class=\"eltdf-st-inner\">\n\t\t\t\t\t<div class=\"eltdf-st-tagline\" >\n\t\t\t\tZesp\u00f3\u0142 wokalno-instrumentalny\t\t\t<\/div>\n\t\t\t\t\t\t\t<h3 class=\"eltdf-st-title\" >\n\t\t\t\t\u201ePrzebudzenie\u201d\t\t\t<\/h3>\n\t\t\t\t\t\t\t<div class=\"eltdf-st-subtitle\" >\n\t\t\t\tZesp\u00f3\u0142 wokalno-instrumentalny PRZEBUDZENIE przy parafii B\u0142. Jerzego Matulewicza w Pas\u0142\u0119ku z t\u0105 nazw\u0105 odrodzi\u0142 si\u0119 3 marca 2013 roku. Wcze\u015bniej niekt\u00f3re osoby w latach 80-tych \u015bpiewa\u0142y i gra\u0142y w parafii \u015aw. J\u00f3zefa a gdy w 1989 powsta\u0142a nasza nowa parafia zesp\u00f3\u0142 przez jaki\u015b czas gra\u0142 na chwa\u0142\u0119 Bo\u017c\u0105. Z czasem obowi\u0105zki rodzinne pa\u0144 i pan\u00f3w spowodowa\u0142y zawieszenie dzia\u0142alno\u015bci zespo\u0142u.\t\t\t<\/div>\n\t\t\t\t\t\t\t<p class=\"eltdf-st-text\" style=\"color: #727272\">\n\t\t\t\tOd prawie 10 lat zesp\u00f3\u0142 zn\u00f3w u\u015bwietnia coniedzieln\u0105 msz\u0119 o 10.00 oraz inne uroczysto\u015bci parafialne. Sk\u0142ad zespo\u0142u, Panie: Dorota Grzyb, Krystyna D\u0105browska, Izabela Charmuszko, Olga Paw\u0142owska, Panowie: Mieczys\u0142aw Leonowicz, Wojciech \u017bylis, Ireneusz Paw\u0142owski, Stanis\u0142aw \u017bylis.\t\t\t<\/p>\n\t\t\t\t\t\t\t<div class=\"eltdf-st-button\"><a itemprop=\"url\" href=\"tel:+48608264970\" target=\"_self\"  class=\"eltdf-btn eltdf-btn-medium eltdf-btn-solid eltdf-btn-with-prefix\" data-type=\"solid\" >    <span class=\"eltdf-btn-text\">Tel. kontaktowy 608 264 970<\/span>    <\/a><\/div>\n\t\t\t<\/div>\n<\/div>[vc_empty_space height=&#8221;33px&#8221;]\t\t<\/div>\n\t<\/div>\n<\/div><\/div>[\/vc_column][\/vc_row][vc_row][vc_column]<div class=\"eltdf-section-title-holder  \" style=\"text-align: center\">\n\t<div class=\"eltdf-st-inner\">\n\t\t\t\t\t<div class=\"eltdf-st-tagline\" >\n\t\t\t\tGaleria\t\t\t<\/div>\n\t\t\t\t\t\t\t<h3 class=\"eltdf-st-title\" >\n\t\t\t\tKilka naszych zdj\u0119\u0107\t\t\t<\/h3>\n\t\t\t\t\t\t\t\t\t<\/div>\n<\/div>[vc_empty_space height=&#8221;10px&#8221;][\/vc_column][\/vc_row][vc_row content_text_aligment=&#8221;center&#8221; simple_background_color=&#8221;#f4f4f4&#8243; css=&#8221;.vc_custom_1665559676972{margin-top: 30px !important;margin-bottom: 30px !important;border-bottom-width: 30px !important;padding-bottom: 30px !important;}&#8221;][vc_column width=&#8221;1\/4&#8243;][\/vc_column][vc_column width=&#8221;1\/2&#8243;][vc_gallery type=&#8221;image_grid&#8221; images=&#8221;3245,3244,3248,3249,3247,3246&#8243; img_size=&#8221;medium&#8221;][\/vc_column][vc_column width=&#8221;1\/4&#8243;][\/vc_column][\/vc_row]<\/p>\n","protected":false},"excerpt":{"rendered":"<p>[vc_row background_image_size=&#8221;&#8221; disable_background_image=&#8221;&#8221; css=&#8221;.vc_custom_1664635068932{padding-top: 109px !important;padding-bottom: 63px !important;background-position: center !important;background-repeat: no-repeat !important;background-size: cover !important;}&#8221; simple_background_image=&#8221;2886&#8243;][vc_column css=&#8221;.vc_custom_1566902941587{padding-top: 0px !important;}&#8221; offset=&#8221;vc_col-lg-6&#8243;][\/vc_column][vc_column css=&#8221;.vc_custom_1566902947830{padding-top: 0px !important;}&#8221; offset=&#8221;vc_col-lg-6&#8243;][\/vc_column][\/vc_row][vc_row][vc_column][vc_empty_space height=&#8221;10px&#8221;][\/vc_column][\/vc_row][vc_row content_text_aligment=&#8221;center&#8221; simple_background_color=&#8221;#f4f4f4&#8243; css=&#8221;.vc_custom_1665559676972{margin-top: 30px !important;margin-bottom: 30px !important;border-bottom-width: 30px !important;padding-bottom: 30px !important;}&#8221;][vc_column width=&#8221;1\/4&#8243;][\/vc_column][vc_column width=&#8221;1\/2&#8243;][vc_gallery type=&#8221;image_grid&#8221; images=&#8221;3245,3244,3248,3249,3247,3246&#8243; img_size=&#8221;medium&#8221;][\/vc_column][vc_column width=&#8221;1\/4&#8243;][\/vc_column][\/vc_row]<\/p>\n","protected":false},"author":1,"featured_media":0,"parent":0,"menu_order":0,"comment_status":"closed","ping_status":"closed","template":"full-width.php","meta":{"footnotes":"","_links_to":"","_links_to_target":""},"class_list":["post-2883","page","type-page","status-publish","hentry"],"_links":{"self":[{"href":"https:\/\/matulewiczpaslek.pl\/index.php\/wp-json\/wp\/v2\/pages\/2883","targetHints":{"allow":["GET"]}}],"collection":[{"href":"https:\/\/matulewiczpaslek.pl\/index.php\/wp-json\/wp\/v2\/pages"}],"about":[{"href":"https:\/\/matulewiczpaslek.pl\/index.php\/wp-json\/wp\/v2\/types\/page"}],"author":[{"embeddable":true,"href":"https:\/\/matulewiczpaslek.pl\/index.php\/wp-json\/wp\/v2\/users\/1"}],"replies":[{"embeddable":true,"href":"https:\/\/matulewiczpaslek.pl\/index.php\/wp-json\/wp\/v2\/comments?post=2883"}],"version-history":[{"count":12,"href":"https:\/\/matulewiczpaslek.pl\/index.php\/wp-json\/wp\/v2\/pages\/2883\/revisions"}],"predecessor-version":[{"id":3256,"href":"https:\/\/matulewiczpaslek.pl\/index.php\/wp-json\/wp\/v2\/pages\/2883\/revisions\/3256"}],"wp:attachment":[{"href":"https:\/\/matulewiczpaslek.pl\/index.php\/wp-json\/wp\/v2\/media?parent=2883"}],"curies":[{"name":"wp","href":"https:\/\/api.w.org\/{rel}","templated":true}]}}