{"id":2837,"date":"2022-10-01T12:52:15","date_gmt":"2022-10-01T10:52:15","guid":{"rendered":"http:\/\/matulewiczpaslek.pl\/?page_id=2837"},"modified":"2022-10-04T14:17:44","modified_gmt":"2022-10-04T12:17:44","slug":"chor-adoramus","status":"publish","type":"page","link":"https:\/\/matulewiczpaslek.pl\/index.php\/chor-adoramus\/","title":{"rendered":"Ch\u00f3r parafialny"},"content":{"rendered":"<p>[vc_row background_image_size=&#8221;&#8221; disable_background_image=&#8221;&#8221; css=&#8221;.vc_custom_1664630695953{padding-top: 109px !important;padding-bottom: 63px !important;background-position: center !important;background-repeat: no-repeat !important;background-size: cover !important;}&#8221; simple_background_image=&#8221;2852&#8243;][vc_column css=&#8221;.vc_custom_1566902941587{padding-top: 0px !important;}&#8221; offset=&#8221;vc_col-lg-6&#8243;]<div class=\"eltdf-elements-holder   eltdf-one-column  eltdf-responsive-mode-768 \" ><div class=\"eltdf-eh-item    \"  data-item-class=\"eltdf-eh-custom-8044\" data-1400-1600=\"22px 12% 0 8.8%\" data-1025-1399=\"22px 3% 0 18.6%\" data-769-1024=\"22px 39% 0 11.6%\" data-681-768=\"22px 85px 0\" data-680=\"22px 38px 0\">\n\t<div class=\"eltdf-eh-item-inner\">\n\t\t<div class=\"eltdf-eh-item-content eltdf-eh-custom-8044\" style=\"padding: 22px 17% 0 26.6%\">\n\t\t\t<div class=\"eltdf-section-title-holder  \" >\n\t<div class=\"eltdf-st-inner\">\n\t\t\t\t\t\t\t<h3 class=\"eltdf-st-title\" >\n\t\t\t\tCh\u00f3r Adoramus\t\t\t<\/h3>\n\t\t\t\t\t\t\t<div class=\"eltdf-st-subtitle\" style=\"color: #f7f7f7\">\n\t\t\t\tNasz ch\u00f3r parafialny dzia\u0142a ju\u017c od 24 lat. Prowadzony jest przez Pani\u0105 Mari\u0119 Korzeniewsk\u0105. Dzia\u0142alno\u015b\u0107 ch\u00f3ru znalaz\u0142a uznanie Ministra Kultury i Dziedzictwa Narodowego oraz w\u0142adz Pas\u0142\u0119ka. Dyrygent i cz\u0142onkowie ch\u00f3ru otrzymali m.in. medale \u201eZas\u0142u\u017cony dla Kultury Polskiej\u201d.\t\t\t<\/div>\n\t\t\t\t\t\t\t<\/div>\n<\/div>[vc_empty_space height=&#8221;33px&#8221;]\t\t<\/div>\n\t<\/div>\n<\/div><\/div>[\/vc_column][vc_column css=&#8221;.vc_custom_1566902947830{padding-top: 0px !important;}&#8221; offset=&#8221;vc_col-lg-6&#8243;]<div class=\"eltdf-elements-holder   eltdf-one-column  eltdf-responsive-mode-768 \" ><div class=\"eltdf-eh-item    \"  data-item-class=\"eltdf-eh-custom-4711\" data-1400-1600=\"45px 0 0 7%\" data-1025-1399=\"0% 0 0 6%\" data-681-768=\"0 0 12px 15%\" data-680=\"0 0 40px 9.5%\">\n\t<div class=\"eltdf-eh-item-inner\">\n\t\t<div class=\"eltdf-eh-item-content eltdf-eh-custom-4711\" style=\"padding: 0 0 0 17%\">\n\t\t\t[vc_single_image image=&#8221;2853&#8243; img_size=&#8221;large&#8221; add_caption=&#8221;yes&#8221;]\t\t<\/div>\n\t<\/div>\n<\/div><\/div>[\/vc_column][\/vc_row][vc_row][vc_column]<div class=\"eltdf-section-title-holder  \" style=\"text-align: center\">\n\t<div class=\"eltdf-st-inner\">\n\t\t\t\t\t<div class=\"eltdf-st-tagline\" >\n\t\t\t\tTak \u015bwi\u0119towali\u015bmy...\t\t\t<\/div>\n\t\t\t\t\t\t\t<h3 class=\"eltdf-st-title\" >\n\t\t\t\tJubileusz 20-lecia ch\u00f3ru\t\t\t<\/h3>\n\t\t\t\t\t\t\t\t\t<\/div>\n<\/div>[vc_empty_space height=&#8221;10px&#8221;][\/vc_column][\/vc_row][vc_row simple_background_color=&#8221;#f4f4f4&#8243; css=&#8221;.vc_custom_1664631841644{margin-top: 30px !important;margin-bottom: 30px !important;border-bottom-width: 30px !important;padding-bottom: 30px !important;}&#8221;][vc_column width=&#8221;1\/4&#8243;][\/vc_column][vc_column width=&#8221;1\/2&#8243;][vc_video link=&#8221;https:\/\/www.youtube.com\/watch?v=1yBdxhUEKmc&#8221; align=&#8221;center&#8221;][\/vc_column][vc_column width=&#8221;1\/4&#8243;][\/vc_column][\/vc_row]<\/p>\n","protected":false},"excerpt":{"rendered":"<p>[vc_row background_image_size=&#8221;&#8221; disable_background_image=&#8221;&#8221; css=&#8221;.vc_custom_1664630695953{padding-top: 109px !important;padding-bottom: 63px !important;background-position: center !important;background-repeat: no-repeat !important;background-size: cover !important;}&#8221; simple_background_image=&#8221;2852&#8243;][vc_column css=&#8221;.vc_custom_1566902941587{padding-top: 0px !important;}&#8221; offset=&#8221;vc_col-lg-6&#8243;][\/vc_column][vc_column css=&#8221;.vc_custom_1566902947830{padding-top: 0px !important;}&#8221; offset=&#8221;vc_col-lg-6&#8243;][\/vc_column][\/vc_row][vc_row][vc_column][vc_empty_space height=&#8221;10px&#8221;][\/vc_column][\/vc_row][vc_row simple_background_color=&#8221;#f4f4f4&#8243; css=&#8221;.vc_custom_1664631841644{margin-top: 30px !important;margin-bottom: 30px !important;border-bottom-width: 30px !important;padding-bottom: 30px !important;}&#8221;][vc_column width=&#8221;1\/4&#8243;][\/vc_column][vc_column width=&#8221;1\/2&#8243;][vc_video link=&#8221;https:\/\/www.youtube.com\/watch?v=1yBdxhUEKmc&#8221; align=&#8221;center&#8221;][\/vc_column][vc_column width=&#8221;1\/4&#8243;][\/vc_column][\/vc_row]<\/p>\n","protected":false},"author":1,"featured_media":0,"parent":0,"menu_order":0,"comment_status":"closed","ping_status":"closed","template":"full-width.php","meta":{"footnotes":"","_links_to":"","_links_to_target":""},"class_list":["post-2837","page","type-page","status-publish","hentry"],"_links":{"self":[{"href":"https:\/\/matulewiczpaslek.pl\/index.php\/wp-json\/wp\/v2\/pages\/2837","targetHints":{"allow":["GET"]}}],"collection":[{"href":"https:\/\/matulewiczpaslek.pl\/index.php\/wp-json\/wp\/v2\/pages"}],"about":[{"href":"https:\/\/matulewiczpaslek.pl\/index.php\/wp-json\/wp\/v2\/types\/page"}],"author":[{"embeddable":true,"href":"https:\/\/matulewiczpaslek.pl\/index.php\/wp-json\/wp\/v2\/users\/1"}],"replies":[{"embeddable":true,"href":"https:\/\/matulewiczpaslek.pl\/index.php\/wp-json\/wp\/v2\/comments?post=2837"}],"version-history":[{"count":29,"href":"https:\/\/matulewiczpaslek.pl\/index.php\/wp-json\/wp\/v2\/pages\/2837\/revisions"}],"predecessor-version":[{"id":3181,"href":"https:\/\/matulewiczpaslek.pl\/index.php\/wp-json\/wp\/v2\/pages\/2837\/revisions\/3181"}],"wp:attachment":[{"href":"https:\/\/matulewiczpaslek.pl\/index.php\/wp-json\/wp\/v2\/media?parent=2837"}],"curies":[{"name":"wp","href":"https:\/\/api.w.org\/{rel}","templated":true}]}}