{"id":2220,"date":"2019-08-12T14:50:37","date_gmt":"2019-08-12T14:50:37","guid":{"rendered":"https:\/\/chapel.qodeinteractive.com\/?page_id=3"},"modified":"2022-10-04T15:33:51","modified_gmt":"2022-10-04T13:33:51","slug":"pliki-cookie","status":"publish","type":"page","link":"https:\/\/matulewiczpaslek.pl\/index.php\/pliki-cookie\/","title":{"rendered":"Pliki cookie"},"content":{"rendered":"\r\n<h5 class=\"wp-block-heading\"><strong>Czym s\u0105 pliki &#8222;cookies&#8221;?<\/strong><\/h5>\r\n<p>Poprzez pliki &#8222;cookies&#8221; nale\u017cy rozumie\u0107 dane informatyczne, w szczeg\u00f3lno\u015bci pliki tekstowe, przechowywane w urz\u0105dzeniach ko\u0144cowych u\u017cytkownik\u00f3w przeznaczone do korzystania ze stron internetowych. Pliki te pozwalaj\u0105 rozpozna\u0107 urz\u0105dzenie u\u017cytkownika i odpowiednio wy\u015bwietli\u0107 stron\u0119 internetow\u0105 dostosowan\u0105 do jego indywidualnych preferencji. &#8222;Cookies&#8221; zazwyczaj zawieraj\u0105 nazw\u0119 strony internetowej z kt\u00f3rej pochodz\u0105, czas przechowywania ich na urz\u0105dzeniu ko\u0144cowym oraz unikalny numer.<\/p>\r\n<h5><strong>Do czego u\u017cywamy plik\u00f3w &#8222;cookies&#8221;?<\/strong><\/h5>\r\n<p>Pliki &#8222;cookies&#8221; u\u017cywane s\u0105 w celu dostosowania zawarto\u015bci stron internetowych do preferencji u\u017cytkownika oraz optymalizacji korzystania ze stron internetowych. U\u017cywane s\u0105 r\u00f3wnie\u017c w celu tworzenia anonimowych, zagregowanych statystyk, kt\u00f3re pomagaj\u0105 zrozumie\u0107 w jaki spos\u00f3b u\u017cytkownik korzysta ze stron internetowych co umo\u017cliwia ulepszanie ich struktury i zawarto\u015bci, z wy\u0142\u0105czeniem personalnej identyfikacji u\u017cytkownika.<\/p>\r\n<h5><strong>Jakich plik\u00f3w &#8222;cookies&#8221; u\u017cywamy?<\/strong><\/h5>\r\n<p>Stosowane s\u0105, co do zasady, dwa rodzaje plik\u00f3w &#8222;cookies&#8221; \u2013 &#8222;sesyjne&#8221; oraz &#8222;sta\u0142e&#8221;. Pierwsze z nich s\u0105 plikami tymczasowymi, kt\u00f3re pozostaj\u0105 na urz\u0105dzeniu u\u017cytkownika, a\u017c do wylogowania ze strony internetowej lub wy\u0142\u0105czenia oprogramowania (przegl\u0105darki internetowej). &#8222;Sta\u0142e&#8221; pliki pozostaj\u0105 na urz\u0105dzeniu u\u017cytkownika przez czas okre\u015blony w parametrach plik\u00f3w &#8222;cookies&#8221; albo do momentu ich r\u0119cznego usuni\u0119cia przez u\u017cytkownika.<\/p>\r\n<p>Pliki &#8222;cookies&#8221; wykorzystywane przez partner\u00f3w operatora strony internetowej, w tym w szczeg\u00f3lno\u015bci u\u017cytkownik\u00f3w strony internetowej, podlegaj\u0105 ich w\u0142asnej polityce prywatno\u015bci.<\/p>\r\n<h5><strong>Czy pliki &#8222;cookies&#8221; zawieraj\u0105 dane osobowe?<\/strong><\/h5>\r\n<p>Dane osobowe gromadzone przy u\u017cyciu plik\u00f3w &#8222;cookies&#8221; mog\u0105 by\u0107 zbierane wy\u0142\u0105cznie w celu wykonywania okre\u015blonych funkcji na rzecz u\u017cytkownika. Takie dane s\u0105 zaszyfrowane w spos\u00f3b uniemo\u017cliwiaj\u0105cy dost\u0119p do nich osobom nieuprawnionym.<\/p>\r\n<h5><strong>Usuwanie plik\u00f3w &#8222;cookies&#8221;<\/strong><\/h5>\r\n<p>Standardowo oprogramowanie s\u0142u\u017c\u0105ce do przegl\u0105dania stron internetowych domy\u015blnie dopuszcza umieszczanie plik\u00f3w &#8222;cookies&#8221; na urz\u0105dzeniu ko\u0144cowym. Ustawienia te mog\u0105 zosta\u0107 zmienione w taki spos\u00f3b, aby blokowa\u0107 automatyczn\u0105 obs\u0142ug\u0119 plik\u00f3w &#8222;cookies&#8221; w ustawieniach przegl\u0105darki internetowej, b\u0105d\u017a informowa\u0107 o ich ka\u017cdorazowym przes\u0142aniu na urz\u0105dzenie u\u017cytkownika. Szczeg\u00f3\u0142owe informacje o mo\u017cliwo\u015bci i sposobach obs\u0142ugi plik\u00f3w &#8222;cookies&#8221; dost\u0119pne s\u0105 w ustawieniach oprogramowania (przegl\u0105darki internetowej).<\/p>\r\n<p>Ograniczenie stosowania plik\u00f3w &#8222;cookies&#8221;, mo\u017ce wp\u0142yn\u0105\u0107 na niekt\u00f3re funkcjonalno\u015bci dost\u0119pne na naszej stronie internetowej.<\/p>\r\n","protected":false},"excerpt":{"rendered":"<p>Czym s\u0105 pliki &#8222;cookies&#8221;? Poprzez pliki &#8222;cookies&#8221; nale\u017cy rozumie\u0107 dane informatyczne, w szczeg\u00f3lno\u015bci pliki tekstowe, przechowywane w urz\u0105dzeniach ko\u0144cowych u\u017cytkownik\u00f3w przeznaczone do korzystania ze stron internetowych. Pliki te pozwalaj\u0105 rozpozna\u0107 urz\u0105dzenie u\u017cytkownika i odpowiednio wy\u015bwietli\u0107 stron\u0119 internetow\u0105 dostosowan\u0105 do jego indywidualnych preferencji. &#8222;Cookies&#8221; zazwyczaj zawieraj\u0105 nazw\u0119 strony internetowej z kt\u00f3rej pochodz\u0105, czas przechowywania ich na urz\u0105dzeniu ko\u0144cowym oraz unikalny numer. Do czego u\u017cywamy plik\u00f3w &#8222;cookies&#8221;? Pliki &#8222;cookies&#8221; u\u017cywane s\u0105 w celu dostosowania zawarto\u015bci stron internetowych do preferencji u\u017cytkownika oraz optymalizacji [&hellip;]<\/p>\n","protected":false},"author":1,"featured_media":0,"parent":0,"menu_order":0,"comment_status":"closed","ping_status":"open","template":"","meta":{"footnotes":"","_links_to":"","_links_to_target":""},"class_list":["post-2220","page","type-page","status-publish","hentry"],"_links":{"self":[{"href":"https:\/\/matulewiczpaslek.pl\/index.php\/wp-json\/wp\/v2\/pages\/2220","targetHints":{"allow":["GET"]}}],"collection":[{"href":"https:\/\/matulewiczpaslek.pl\/index.php\/wp-json\/wp\/v2\/pages"}],"about":[{"href":"https:\/\/matulewiczpaslek.pl\/index.php\/wp-json\/wp\/v2\/types\/page"}],"author":[{"embeddable":true,"href":"https:\/\/matulewiczpaslek.pl\/index.php\/wp-json\/wp\/v2\/users\/1"}],"replies":[{"embeddable":true,"href":"https:\/\/matulewiczpaslek.pl\/index.php\/wp-json\/wp\/v2\/comments?post=2220"}],"version-history":[{"count":6,"href":"https:\/\/matulewiczpaslek.pl\/index.php\/wp-json\/wp\/v2\/pages\/2220\/revisions"}],"predecessor-version":[{"id":3191,"href":"https:\/\/matulewiczpaslek.pl\/index.php\/wp-json\/wp\/v2\/pages\/2220\/revisions\/3191"}],"wp:attachment":[{"href":"https:\/\/matulewiczpaslek.pl\/index.php\/wp-json\/wp\/v2\/media?parent=2220"}],"curies":[{"name":"wp","href":"https:\/\/api.w.org\/{rel}","templated":true}]}}