{"id":1122,"date":"2019-08-29T14:40:22","date_gmt":"2019-08-29T14:40:22","guid":{"rendered":"https:\/\/chapel.qodeinteractive.com\/?page_id=1122"},"modified":"2025-10-03T20:27:02","modified_gmt":"2025-10-03T18:27:02","slug":"kancelaria-parafialna","status":"publish","type":"page","link":"https:\/\/matulewiczpaslek.pl\/index.php\/kancelaria-parafialna\/","title":{"rendered":"Kancelaria parafialna"},"content":{"rendered":"<p>[vc_row background_image_size=&#8221;&#8221; disable_background_image=&#8221;&#8221; css=&#8221;.vc_custom_1567674577407{padding-top: 109px !important;padding-bottom: 63px !important;background-position: center !important;background-repeat: no-repeat !important;background-size: cover !important;}&#8221; simple_background_image=&#8221;390&#8243;][vc_column css=&#8221;.vc_custom_1566902941587{padding-top: 0px !important;}&#8221; offset=&#8221;vc_col-lg-6&#8243;]<div class=\"eltdf-elements-holder   eltdf-one-column  eltdf-responsive-mode-768 \" ><div class=\"eltdf-eh-item    \"  data-item-class=\"eltdf-eh-custom-7585\" data-1400-1600=\"22px 12% 0 8.8%\" data-1025-1399=\"22px 3% 0 18.6%\" data-769-1024=\"22px 39% 0 11.6%\" data-681-768=\"22px 85px 0\" data-680=\"22px 38px 0\">\n\t<div class=\"eltdf-eh-item-inner\">\n\t\t<div class=\"eltdf-eh-item-content eltdf-eh-custom-7585\" style=\"padding: 22px 17% 0 26.6%\">\n\t\t\t<div class=\"eltdf-section-title-holder  \" >\n\t<div class=\"eltdf-st-inner\">\n\t\t\t\t\t<div class=\"eltdf-st-tagline\" >\n\t\t\t\tKancelaria parafialna jest czynna:\t\t\t<\/div>\n\t\t\t\t\t\t\t<h3 class=\"eltdf-st-title\" >\n\t\t\t\twtorek i czwartek od 15.30 do 17.30\t\t\t<\/h3>\n\t\t\t\t\t\t\t<div class=\"eltdf-st-subtitle\" >\n\t\t\t\tW przypadku udzielenia sakramentu chorych lub w kwestii zg\u0142oszenia pogrzebu katolickiego prosimy dzwoni\u0107 pod numer telefonu: 512 774 377\t\t\t<\/div>\n\t\t\t\t\t\t\t<p class=\"eltdf-st-text\" >\n\t\t\t\tINFORMACJA O RODO<br \/>\nInformujemy, \u017ce od dnia 25 maja 2018 r.. zgodnie z rozporz\u0105dzeniem Parlamentu Europejskiego i Rady UE wesz\u0142y przepisy dotycz\u0105ce kwestii przetwarzania danych osobowych i w sprawie swobodnego przep\u0142ywu takich danych. Przepisy te nak\u0142adaj\u0105 na administrator\u00f3w danych konieczno\u015b\u0107 bezwzgl\u0119dnej ich ochrony.<br \/>\nW zwi\u0105zku z tym wszelkiego rodzaju za\u015bwiadczenia wydawane w kancelarii parafialnej, b\u0119d\u0105 udost\u0119pnione tylko osobom bezpo\u015brednio zainteresowanym, po przedstawieniu dowodu to\u017csamo\u015bci lub osobom trzecim maj\u0105cym upowa\u017cnienie pisemne do pobrania takich danych.\t\t\t<\/p>\n\t\t\t\t\t<\/div>\n<\/div>[vc_empty_space height=&#8221;33px&#8221;]<a itemprop=\"url\" href=\"https:\/\/matulewiczpaslek.pl\/wp-content\/uploads\/2022\/09\/Upowaznienie.pdf\" target=\"_blank\"  class=\"eltdf-btn eltdf-btn-medium eltdf-btn-solid eltdf-btn-icon\" data-type=\"solid\" >\n    <span class=\"eltdf-btn-text\">Upowa\u017cnienie do odbioru dokumentu<\/span>\n    <i class=\"eltdf-icon-ion-icon ion-android-document \" ><\/i><\/a>[vc_empty_space height=&#8221;25px&#8221;]<a itemprop=\"url\" href=\"https:\/\/matulewiczpaslek.pl\/wp-content\/uploads\/2022\/09\/Oswiadczenie.pdf\" target=\"_blank\"  class=\"eltdf-btn eltdf-btn-medium eltdf-btn-solid eltdf-btn-icon\" data-type=\"solid\" >\n    <span class=\"eltdf-btn-text\">O\u015bwiadczenie o otrzymanym upowa\u017cnieniu<\/span>\n    <i class=\"eltdf-icon-ion-icon ion-android-document \" ><\/i><\/a>\t\t<\/div>\n\t<\/div>\n<\/div><\/div>[\/vc_column][vc_column css=&#8221;.vc_custom_1566902947830{padding-top: 0px !important;}&#8221; offset=&#8221;vc_col-lg-6&#8243;]<div class=\"eltdf-elements-holder   eltdf-one-column  eltdf-responsive-mode-768 \" ><div class=\"eltdf-eh-item    \"  data-item-class=\"eltdf-eh-custom-9695\" data-1400-1600=\"45px 0 0 7%\" data-1025-1399=\"0% 0 0 6%\" data-681-768=\"0 0 12px 15%\" data-680=\"0 0 40px 9.5%\">\n\t<div class=\"eltdf-eh-item-inner\">\n\t\t<div class=\"eltdf-eh-item-content eltdf-eh-custom-9695\" style=\"padding: 0 0 0 17%\">\n\t\t\t[vc_single_image image=&#8221;2787&#8243; img_size=&#8221;large&#8221;]\t\t<\/div>\n\t<\/div>\n<\/div><\/div>[\/vc_column][\/vc_row][vc_row content_placement=&#8221;top&#8221; content_text_aligment=&#8221;center&#8221; simple_background_color=&#8221;#dba59b&#8221;][vc_column][vc_empty_space height=&#8221;35px&#8221;]<div class=\"eltdf-section-title-holder  \" >\n\t<div class=\"eltdf-st-inner\">\n\t\t\t\t\t<div class=\"eltdf-st-tagline\" >\n\t\t\t\tCo? i Jak?\t\t\t<\/div>\n\t\t\t\t\t\t\t<h3 class=\"eltdf-st-title\" >\n\t\t\t\tSakramenty \u015bwi\u0119te w kancelarii parafialnej\t\t\t<\/h3>\n\t\t\t\t\t\t\t\t\t<\/div>\n<\/div>[vc_empty_space height=&#8221;45px&#8221;][\/vc_column][\/vc_row][vc_row css=&#8221;.vc_custom_1664568771674{padding-top: 20px !important;padding-bottom: 60px !important;}&#8221; simple_background_color=&#8221;#dba59b&#8221;][vc_column width=&#8221;5\/6&#8243; css=&#8221;.vc_custom_1664566153074{border-left-width: 0px !important;padding-top: 0px !important;padding-right: 0px !important;padding-left: 0px !important;}&#8221;]<div class=\"eltdf-elements-holder   eltdf-one-column  eltdf-responsive-mode-768 \" ><div class=\"eltdf-eh-item    \"  data-item-class=\"eltdf-eh-custom-9724\" data-1400-1600=\"0 0% 67px 8.8%\" data-1025-1399=\"0 0 67px 18.6%\" data-769-1024=\"0 28% 70px 11.6%\" data-681-768=\"0 85px 70px\" data-680=\"0 38px 70px\">\n\t<div class=\"eltdf-eh-item-inner\">\n\t\t<div class=\"eltdf-eh-item-content eltdf-eh-custom-9724\" style=\"padding: 0 0 0 26.6%\">\n\t\t\t<div class=\"eltdf-accordion-holder eltdf-ac-default  eltdf-accordion eltdf-ac-boxed  clearfix\">\n\t<h6 class=\"eltdf-accordion-title\">\n    <span class=\"eltdf-accordion-mark\">\n\t\t<span class=\"eltdf_icon_plus icon_plus\"><\/span>\n\t\t<span class=\"eltdf_icon_minus icon_minus-06\"><\/span>\n\t<\/span>\n\t<span class=\"eltdf-tab-title\">Chrzest \u015awi\u0119ty<\/span>\n<\/h6>\n<div class=\"eltdf-accordion-content\">\n\t<div class=\"eltdf-accordion-content-inner\">\n\t\t[vc_column_text]<strong>ZG\u0141OSZENIE CHRZTU W KANCELARII PARAFIALNEJ<\/strong><\/p>\n<ul>\n<li>Rodzice dziecka zg\u0142aszaj\u0105 si\u0119 do kancelarii parafialnej dwa tygodnie przed planowanym chrztem dziecka.<\/li>\n<li>W naszej parafii sakramentu chrztu \u015bw. udzielamy w ka\u017cd\u0105 niedziele \u2013 podczas sumy parafialnej o godz. 12.30 oraz w \u015bwi\u0119ta Bo\u017cego Narodzenia i w Wielkanoc.<\/li>\n<li>Podczas pierwszego spotkania nale\u017cy przedstawi\u0107: skr\u00f3cony odpis aktu urodzenia dziecka z USC, dane osobowe rodzic\u00f3w dziecka oraz potwierdzenie zawarcia sakramentu ma\u0142\u017ce\u0144stwa, dane osobowe rodzic\u00f3w chrzestnych (imi\u0119 i nazwisko, data urodzenia, miejsce zamieszkania).<\/li>\n<li>Rodzice i rodzice chrzestni s\u0105 zobowi\u0105zani do pojednania z Bogiem w sakramencie pokuty i pojednania (fakt ten jest potwierdzony na odpowiednich formularzach).<\/li>\n<li>Rodzice chrzestni spoza naszej parafii musz\u0105 przedstawi\u0107 za\u015bwiadczenie, i\u017c s\u0105 wierz\u0105cymi i praktykuj\u0105cymi katolikami. Za\u015bwiadczenie wydawane jest w parafii zamieszkania chrzestnych.<\/li>\n<li>Rodzice i chrzestni zg\u0142aszaj\u0105 si\u0119 do zakrystii 20 min. przed Msz\u0105 \u015bw., podczas kt\u00f3rej ma si\u0119 odby\u0107 chrzest, aby przedstawi\u0107 uzupe\u0142nione za\u015bwiadczenia oraz z\u0142o\u017cy\u0107 podpisy w ksi\u0119gach parafialnych.<\/li>\n<li>W przypadku, gdy dziecko maj\u0105ce przyj\u0105\u0107 chrzest nie nale\u017cy do naszej parafii, dodatkowo wymagana jest zgoda na chrzest od proboszcza parafii rodzimej.<\/li>\n<\/ul>\n<p><strong>\u201eId\u017acie wi\u0119c i nauczajcie wszystkie narody, udzielaj\u0105c im chrztu w imi\u0119 Ojca i Syna, i Ducha \u015awi\u0119tego.\u201d Mt 28, 19<\/strong>[\/vc_column_text]\t<\/div>\n<\/div><h6 class=\"eltdf-accordion-title\">\n    <span class=\"eltdf-accordion-mark\">\n\t\t<span class=\"eltdf_icon_plus icon_plus\"><\/span>\n\t\t<span class=\"eltdf_icon_minus icon_minus-06\"><\/span>\n\t<\/span>\n\t<span class=\"eltdf-tab-title\">Bierzmowanie<\/span>\n<\/h6>\n<div class=\"eltdf-accordion-content\">\n\t<div class=\"eltdf-accordion-content-inner\">\n\t\t[vc_column_text]<\/p>\n<p style=\"text-align: center;\"><strong>PRZYGOTOWANIE M\u0141ODZIE\u017bY DO SAKRAMENTU BIERZMOWANIA:<\/strong><\/p>\n<p>Praktyki religijne dojrza\u0142ego chrze\u015bcijanina:<\/p>\n<ol>\n<li>Niedzielna Eucharystia (godz. 9.30).<\/li>\n<li>Pierwszopi\u0105tkowa comiesi\u0119czna spowied\u017a i Msza \u015bw.<\/li>\n<li>Udzia\u0142 w spotkaniach.<\/li>\n<li>Udzia\u0142 w nabo\u017ce\u0144stwach:<\/li>\n<\/ol>\n<ul>\n<li>r\u00f3\u017caniec (pa\u017adziernik)<\/li>\n<li>roraty (Adwent)<\/li>\n<li>droga krzy\u017cowa (Wielki Post)<\/li>\n<li>nabo\u017ce\u0144stwo majowe<\/li>\n<\/ul>\n<ol start=\"5\">\n<li>Sprawowanie.<\/li>\n<li>Zaanga\u017cowanie w \u017cycie wsp\u00f3lnoty parafialnej (s\u0142u\u017cba przy o\u0142tarzu, pomoc w przygotowaniu liturgii i nabo\u017ce\u0144stw, udzia\u0142 w akcjach itp.).<\/li>\n<li>Udzia\u0142 w katechezie szkolnej.<\/li>\n<li>Udzia\u0142 w dziewi\u0119ciodniowej nowennie (po\u0142\u0105czonej z pr\u00f3bami) bezpo\u015brednio przygotowuj\u0105cej do uroczysto\u015bci przyj\u0119cia Sakramentu Bierzmowania.<\/li>\n<li>Osoby ochrzczone poza nasz\u0105 parafi\u0105 dostarczaj\u0105 metryki chrztu do ko\u0144ca pa\u017adziernika.<\/li>\n<\/ol>\n<p>[\/vc_column_text]\t<\/div>\n<\/div><h6 class=\"eltdf-accordion-title\">\n    <span class=\"eltdf-accordion-mark\">\n\t\t<span class=\"eltdf_icon_plus icon_plus\"><\/span>\n\t\t<span class=\"eltdf_icon_minus icon_minus-06\"><\/span>\n\t<\/span>\n\t<span class=\"eltdf-tab-title\">Eucharystia<\/span>\n<\/h6>\n<div class=\"eltdf-accordion-content\">\n\t<div class=\"eltdf-accordion-content-inner\">\n\t\t[vc_column_text]Przygotowanie dziecka do I Komunii \u015bwi\u0119tej rozpoczyna si\u0119 na lekcji religii od pierwszej klasy szko\u0142y podstawowej. W parafii przygotowanie rozpoczyna si\u0119 na pocz\u0105tku trzeciej klasy szko\u0142y podstawowej. Na pocz\u0105tku wrze\u015bnia rodzic\/opiekun prawny zg\u0142asza swoje dziecko przez:<\/p>\n<ul>\n<li>z\u0142o\u017cenie odpowiedniego o\u015bwiadczenia w postaci ankiety,<\/li>\n<li>\u015bwiadectwo chrztu \u015bwi\u0119tego (&#8222;Ad Sacra&#8221;).<\/li>\n<\/ul>\n<p>Dziecko w parafii przygotowuje si\u0119 do pierwszej Spowiedzi i Komunii \u015bwi\u0119tej, po przez:<\/p>\n<ul>\n<li>udzia\u0142 wraz z rodzicami w niedzielnej i \u015bwi\u0105tecznej Mszy \u015bwi\u0119tej,<\/li>\n<li>udzia\u0142 w nabo\u017ce\u0144stwach okresowych,<\/li>\n<li>udzia\u0142 z rodzicami w co miesi\u0119cznych spotkaniach,<\/li>\n<li>modlitw\u0119 rodzinn\u0105,<\/li>\n<li>czytanie Pisma \u015awi\u0119tego.<\/li>\n<\/ul>\n<p>[\/vc_column_text]\t<\/div>\n<\/div><h6 class=\"eltdf-accordion-title\">\n    <span class=\"eltdf-accordion-mark\">\n\t\t<span class=\"eltdf_icon_plus icon_plus\"><\/span>\n\t\t<span class=\"eltdf_icon_minus icon_minus-06\"><\/span>\n\t<\/span>\n\t<span class=\"eltdf-tab-title\">Namaszczenie chorych<\/span>\n<\/h6>\n<div class=\"eltdf-accordion-content\">\n\t<div class=\"eltdf-accordion-content-inner\">\n\t\t[vc_column_text]<\/p>\n<p style=\"text-align: center;\">Ksi\u0119\u017ca odwiedzaj\u0105 osoby chore i w podesz\u0142ym wieku\u00a0w pierwszy pi\u0105tek ka\u017cdego miesi\u0105ca\u00a0(za wyj\u0105tkiem lipca i sierpnia).<\/p>\n<p style=\"text-align: center;\"><strong>WEZWANIE DO CHOREGO O KA\u017bDEJ PORZE !!!<\/strong><\/p>\n<p>[\/vc_column_text]\t<\/div>\n<\/div><h6 class=\"eltdf-accordion-title\">\n    <span class=\"eltdf-accordion-mark\">\n\t\t<span class=\"eltdf_icon_plus icon_plus\"><\/span>\n\t\t<span class=\"eltdf_icon_minus icon_minus-06\"><\/span>\n\t<\/span>\n\t<span class=\"eltdf-tab-title\">Ma\u0142\u017ce\u0144stwo<\/span>\n<\/h6>\n<div class=\"eltdf-accordion-content\">\n\t<div class=\"eltdf-accordion-content-inner\">\n\t\t[vc_column_text]<\/p>\n<p style=\"text-align: center;\"><strong>SAKRAMENT MA\u0141\u017bE\u0143STWA ZE SKUTKAMI CYWILNYMI<br \/>\n(\u015aLUB KONKORDATOWY)<\/strong><\/p>\n<p>Co najmniej na sze\u015b\u0107 miesi\u0119cy przed \u015blubem narzeczeni maj\u0105 obowi\u0105zek zg\u0142osi\u0107 si\u0119 osobi\u015bcie do kancelarii parafialnej celem ustalenia dok\u0142adnej daty \u015blubu, spisania protoko\u0142u przedma\u0142\u017ce\u0144skiego oraz wyg\u0142oszenia zapowiedzi przed\u015blubnych.<\/p>\n<p>Wymagane dokumenty:<\/p>\n<ul>\n<li>akty chrztu \u015bw. narzeczonych wydane przez parafi\u0119 chrztu (nie starsze ni\u017c 6 miesi\u0119cy od daty planowanego \u015blubu),<\/li>\n<li>za\u015bwiadczenie stwierdzaj\u0105ce brak okoliczno\u015bci wy\u0142\u0105czaj\u0105cych zawarcie ma\u0142\u017ce\u0144stwa z USC w trzech egzemplarzach (nie starsze ni\u017c 3 miesi\u0105ce od daty planowanego \u015blubu),<\/li>\n<li>dowody osobiste.<\/li>\n<\/ul>\n<p>W przypadku, gdy obydwoje narzeczeni nie s\u0105 naszymi parafianami, wymagana jest licencja na pob\u0142ogos\u0142awienie ma\u0142\u017ce\u0144stwa w parafii tutejszej lub zgoda proboszcza jednego z narzeczonych na \u015blub poza parafi\u0105 rodzim\u0105.<\/p>\n<p>&nbsp;<\/p>\n<p style=\"text-align: center;\"><strong>SAKRAMENT MA\u0141\u017bE\u0143STWA BEZ SKUTK\u00d3W CYWILNYCH<\/strong><\/p>\n<p>Co najmniej na sze\u015b\u0107 miesi\u0119cy przed \u015blubem narzeczeni maj\u0105 obowi\u0105zek zg\u0142osi\u0107 si\u0119 osobi\u015bcie do kancelarii parafialnej celem ustalenia dok\u0142adnej daty \u015blubu oraz sporz\u0105dzenia protoko\u0142u i wyg\u0142oszenia zapowiedzi przed\u015blubnych.<\/p>\n<p>Wymagane dokumenty:<\/p>\n<ul>\n<li>akty chrztu \u015bw. narzeczonych wydane przez parafi\u0119 chrztu (nie starsze ni\u017c 6 miesi\u0119cy od daty planowanego \u015blubu),<\/li>\n<li>odpis aktu ma\u0142\u017ce\u0144stwa z USC,<\/li>\n<li>dowody osobiste.<\/li>\n<\/ul>\n<p>W przypadku, gdy obydwoje narzeczeni nie s\u0105 naszymi parafianami, wymagana jest licencja na pob\u0142ogos\u0142awienie ma\u0142\u017ce\u0144stwa w parafii tutejszej lub zgoda proboszcza jednego z narzeczonych na \u015blub poza parafi\u0105 rodzim\u0105.[\/vc_column_text]\t<\/div>\n<\/div><\/div>\t\t<\/div>\n\t<\/div>\n<\/div><\/div>[\/vc_column][vc_column width=&#8221;1\/6&#8243;][\/vc_column][\/vc_row]<\/p>\n","protected":false},"excerpt":{"rendered":"<p>[vc_row background_image_size=&#8221;&#8221; disable_background_image=&#8221;&#8221; css=&#8221;.vc_custom_1567674577407{padding-top: 109px !important;padding-bottom: 63px !important;background-position: center !important;background-repeat: no-repeat !important;background-size: cover !important;}&#8221; simple_background_image=&#8221;390&#8243;][vc_column css=&#8221;.vc_custom_1566902941587{padding-top: 0px !important;}&#8221; offset=&#8221;vc_col-lg-6&#8243;][\/vc_column][vc_column css=&#8221;.vc_custom_1566902947830{padding-top: 0px !important;}&#8221; offset=&#8221;vc_col-lg-6&#8243;][\/vc_column][\/vc_row][vc_row content_placement=&#8221;top&#8221; content_text_aligment=&#8221;center&#8221; simple_background_color=&#8221;#dba59b&#8221;][vc_column][vc_empty_space height=&#8221;35px&#8221;][vc_empty_space height=&#8221;45px&#8221;][\/vc_column][\/vc_row][vc_row css=&#8221;.vc_custom_1664568771674{padding-top: 20px !important;padding-bottom: 60px !important;}&#8221; simple_background_color=&#8221;#dba59b&#8221;][vc_column width=&#8221;5\/6&#8243; css=&#8221;.vc_custom_1664566153074{border-left-width: 0px !important;padding-top: 0px !important;padding-right: 0px !important;padding-left: 0px !important;}&#8221;][\/vc_column][vc_column width=&#8221;1\/6&#8243;][\/vc_column][\/vc_row]<\/p>\n","protected":false},"author":1,"featured_media":0,"parent":0,"menu_order":0,"comment_status":"closed","ping_status":"closed","template":"full-width.php","meta":{"footnotes":"","_links_to":"","_links_to_target":""},"class_list":["post-1122","page","type-page","status-publish","hentry"],"_links":{"self":[{"href":"https:\/\/matulewiczpaslek.pl\/index.php\/wp-json\/wp\/v2\/pages\/1122","targetHints":{"allow":["GET"]}}],"collection":[{"href":"https:\/\/matulewiczpaslek.pl\/index.php\/wp-json\/wp\/v2\/pages"}],"about":[{"href":"https:\/\/matulewiczpaslek.pl\/index.php\/wp-json\/wp\/v2\/types\/page"}],"author":[{"embeddable":true,"href":"https:\/\/matulewiczpaslek.pl\/index.php\/wp-json\/wp\/v2\/users\/1"}],"replies":[{"embeddable":true,"href":"https:\/\/matulewiczpaslek.pl\/index.php\/wp-json\/wp\/v2\/comments?post=1122"}],"version-history":[{"count":56,"href":"https:\/\/matulewiczpaslek.pl\/index.php\/wp-json\/wp\/v2\/pages\/1122\/revisions"}],"predecessor-version":[{"id":4300,"href":"https:\/\/matulewiczpaslek.pl\/index.php\/wp-json\/wp\/v2\/pages\/1122\/revisions\/4300"}],"wp:attachment":[{"href":"https:\/\/matulewiczpaslek.pl\/index.php\/wp-json\/wp\/v2\/media?parent=1122"}],"curies":[{"name":"wp","href":"https:\/\/api.w.org\/{rel}","templated":true}]}}