{"id":1109,"date":"2019-08-29T14:15:32","date_gmt":"2019-08-29T14:15:32","guid":{"rendered":"https:\/\/chapel.qodeinteractive.com\/?page_id=1109"},"modified":"2024-01-03T09:08:20","modified_gmt":"2024-01-03T08:08:20","slug":"sluzba-boza","status":"publish","type":"page","link":"https:\/\/matulewiczpaslek.pl\/index.php\/sluzba-boza\/","title":{"rendered":"Msze \u015bwi\u0119te i nabo\u017ce\u0144stwa"},"content":{"rendered":"<p>[vc_row row_content_width=&#8221;grid&#8221; css=&#8221;.vc_custom_1566483388504{padding-top: 132px !important;padding-bottom: 132px !important;}&#8221;][vc_column]<div class=\"eltdf-elements-holder   eltdf-two-columns  eltdf-responsive-mode-1024 \" ><div class=\"eltdf-eh-item    \"  data-item-class=\"eltdf-eh-custom-3910\" data-1400-1600=\"0px 120px 8px 0px\" data-1025-1399=\"0px 75px 8px 0px\" data-769-1024=\"0px 170px 70px 0px\" data-681-768=\"0px 0px 70px\" data-680=\"0px 0px 70px\">\n\t<div class=\"eltdf-eh-item-inner\">\n\t\t<div class=\"eltdf-eh-item-content eltdf-eh-custom-3910\" style=\"padding: 0px 170px 8px 0px\">\n\t\t\t<div class=\"eltdf-section-title-holder  \" >\n\t<div class=\"eltdf-st-inner\">\n\t\t\t\t\t<div class=\"eltdf-st-tagline\" >\n\t\t\t\tOto wielka tajemnica naszej wiary...\t\t\t<\/div>\n\t\t\t\t\t\t\t<h3 class=\"eltdf-st-title\" >\n\t\t\t\tCelebracja Mszy \u015bwi\u0119tej\t\t\t<\/h3>\n\t\t\t\t\t\t\t<div class=\"eltdf-st-subtitle\" >\n\t\t\t\tw Niedziel\u0119: 7.00, 8.30, 10.00, 11.30, 13.00 i 16.00\t\t\t<\/div>\n\t\t\t\t\t\t\t<p class=\"eltdf-st-text\" >\n\t\t\t\tw Dzie\u0144 powszedni: 7.30, 18.00\t\t\t<\/p>\n\t\t\t\t\t<\/div>\n<\/div>\t\t<\/div>\n\t<\/div>\n<\/div><div class=\"eltdf-eh-item    \"  data-item-class=\"eltdf-eh-custom-4117\" data-769-1024=\"0px 0px 8px\" data-681-768=\"0px 0px 8px\" data-680=\"0px 0px 8px\">\n\t<div class=\"eltdf-eh-item-inner\">\n\t\t<div class=\"eltdf-eh-item-content eltdf-eh-custom-4117\" style=\"padding: 8px 0px\">\n\t\t\t<div class=\"eltdf-gallery-blocks-holder eltdf-disable-bottom-space  eltdf-medium-space\">\n        <div class=\"eltdf-gb-images eltdf-outer-space\">\n        \t        \t            <div class=\"eltdf-gb-image eltdf-gb-featured-image eltdf-item-space\">\n            \t                \t                        <img loading=\"lazy\" decoding=\"async\" width=\"1024\" height=\"683\" src=\"https:\/\/matulewiczpaslek.pl\/wp-content\/uploads\/2022\/09\/190995314_2298865306916981_4497828071211975220_n-1024x683.jpg\" class=\"attachment-large size-large\" alt=\"\" srcset=\"https:\/\/matulewiczpaslek.pl\/wp-content\/uploads\/2022\/09\/190995314_2298865306916981_4497828071211975220_n-1024x683.jpg 1024w, https:\/\/matulewiczpaslek.pl\/wp-content\/uploads\/2022\/09\/190995314_2298865306916981_4497828071211975220_n-300x200.jpg 300w, https:\/\/matulewiczpaslek.pl\/wp-content\/uploads\/2022\/09\/190995314_2298865306916981_4497828071211975220_n-768x512.jpg 768w, https:\/\/matulewiczpaslek.pl\/wp-content\/uploads\/2022\/09\/190995314_2298865306916981_4497828071211975220_n-1536x1024.jpg 1536w\" sizes=\"auto, (max-width: 1024px) 100vw, 1024px\" \/>                                    <\/div>\n            <\/div>\n<\/div>\t\t<\/div>\n\t<\/div>\n<\/div><\/div>[\/vc_column][\/vc_row][vc_row][vc_column]<div class=\"eltdf-image-gallery eltdf-grid-list eltdf-disable-bottom-space  eltdf-ig-grid-type eltdf-four-columns eltdf-no-space  eltdf-image-behavior-lightbox eltdf-navigation-numbers   \">\n\t<div class=\"eltdf-ig-inner eltdf-outer-space\">\n\t\t\t\t\t<div class=\"eltdf-ig-image eltdf-item-space\">\n\t\t\t\t<div class=\"eltdf-ig-image-inner\">\n\t\t\t\t\t<img loading=\"lazy\" decoding=\"async\" width=\"1707\" height=\"2560\" src=\"https:\/\/matulewiczpaslek.pl\/wp-content\/uploads\/2022\/09\/DSC_0671-scaled.jpg\" class=\"attachment-full size-full\" alt=\"\" srcset=\"https:\/\/matulewiczpaslek.pl\/wp-content\/uploads\/2022\/09\/DSC_0671-scaled.jpg 1707w, https:\/\/matulewiczpaslek.pl\/wp-content\/uploads\/2022\/09\/DSC_0671-200x300.jpg 200w, https:\/\/matulewiczpaslek.pl\/wp-content\/uploads\/2022\/09\/DSC_0671-683x1024.jpg 683w, https:\/\/matulewiczpaslek.pl\/wp-content\/uploads\/2022\/09\/DSC_0671-768x1152.jpg 768w, https:\/\/matulewiczpaslek.pl\/wp-content\/uploads\/2022\/09\/DSC_0671-1024x1536.jpg 1024w, https:\/\/matulewiczpaslek.pl\/wp-content\/uploads\/2022\/09\/DSC_0671-1365x2048.jpg 1365w\" sizes=\"auto, (max-width: 1707px) 100vw, 1707px\" \/>\t\t\t\t\t\t\t\t\t\t\t<a itemprop=\"image\" class=\"eltdf-ig-lightbox\" href=\"https:\/\/matulewiczpaslek.pl\/wp-content\/uploads\/2022\/09\/DSC_0671-scaled.jpg\" data-rel=\"prettyPhoto[image_gallery_pretty_photo-476]\" title=\"DSC_0671\">\n\t\t\t\t\t\t\t\t\t\t\t\t\t\t\t\t<\/a>\n\t\t\t\t\t\t\t\t\t<\/div>\n\t\t\t<\/div>\n\t\t\t\t\t<div class=\"eltdf-ig-image eltdf-item-space\">\n\t\t\t\t<div class=\"eltdf-ig-image-inner\">\n\t\t\t\t\t<img loading=\"lazy\" decoding=\"async\" width=\"1706\" height=\"2560\" src=\"https:\/\/matulewiczpaslek.pl\/wp-content\/uploads\/2022\/09\/DSC_0650-scaled.jpg\" class=\"attachment-full size-full\" alt=\"\" srcset=\"https:\/\/matulewiczpaslek.pl\/wp-content\/uploads\/2022\/09\/DSC_0650-scaled.jpg 1706w, https:\/\/matulewiczpaslek.pl\/wp-content\/uploads\/2022\/09\/DSC_0650-200x300.jpg 200w, https:\/\/matulewiczpaslek.pl\/wp-content\/uploads\/2022\/09\/DSC_0650-683x1024.jpg 683w, https:\/\/matulewiczpaslek.pl\/wp-content\/uploads\/2022\/09\/DSC_0650-768x1152.jpg 768w, https:\/\/matulewiczpaslek.pl\/wp-content\/uploads\/2022\/09\/DSC_0650-1024x1536.jpg 1024w, https:\/\/matulewiczpaslek.pl\/wp-content\/uploads\/2022\/09\/DSC_0650-1365x2048.jpg 1365w\" sizes=\"auto, (max-width: 1706px) 100vw, 1706px\" \/>\t\t\t\t\t\t\t\t\t\t\t<a itemprop=\"image\" class=\"eltdf-ig-lightbox\" href=\"https:\/\/matulewiczpaslek.pl\/wp-content\/uploads\/2022\/09\/DSC_0650-scaled.jpg\" data-rel=\"prettyPhoto[image_gallery_pretty_photo-476]\" title=\"DSC_0650\">\n\t\t\t\t\t\t\t\t\t\t\t\t\t\t\t\t<\/a>\n\t\t\t\t\t\t\t\t\t<\/div>\n\t\t\t<\/div>\n\t\t\t\t\t<div class=\"eltdf-ig-image eltdf-item-space\">\n\t\t\t\t<div class=\"eltdf-ig-image-inner\">\n\t\t\t\t\t<img loading=\"lazy\" decoding=\"async\" width=\"1706\" height=\"2560\" src=\"https:\/\/matulewiczpaslek.pl\/wp-content\/uploads\/2022\/09\/DSC_0729-scaled.jpg\" class=\"attachment-full size-full\" alt=\"\" srcset=\"https:\/\/matulewiczpaslek.pl\/wp-content\/uploads\/2022\/09\/DSC_0729-scaled.jpg 1706w, https:\/\/matulewiczpaslek.pl\/wp-content\/uploads\/2022\/09\/DSC_0729-200x300.jpg 200w, https:\/\/matulewiczpaslek.pl\/wp-content\/uploads\/2022\/09\/DSC_0729-683x1024.jpg 683w, https:\/\/matulewiczpaslek.pl\/wp-content\/uploads\/2022\/09\/DSC_0729-768x1152.jpg 768w, https:\/\/matulewiczpaslek.pl\/wp-content\/uploads\/2022\/09\/DSC_0729-1024x1536.jpg 1024w, https:\/\/matulewiczpaslek.pl\/wp-content\/uploads\/2022\/09\/DSC_0729-1365x2048.jpg 1365w\" sizes=\"auto, (max-width: 1706px) 100vw, 1706px\" \/>\t\t\t\t\t\t\t\t\t\t\t<a itemprop=\"image\" class=\"eltdf-ig-lightbox\" href=\"https:\/\/matulewiczpaslek.pl\/wp-content\/uploads\/2022\/09\/DSC_0729-scaled.jpg\" data-rel=\"prettyPhoto[image_gallery_pretty_photo-476]\" title=\"DSC_0729\">\n\t\t\t\t\t\t\t\t\t\t\t\t\t\t\t\t<\/a>\n\t\t\t\t\t\t\t\t\t<\/div>\n\t\t\t<\/div>\n\t\t\t\t\t<div class=\"eltdf-ig-image eltdf-item-space\">\n\t\t\t\t<div class=\"eltdf-ig-image-inner\">\n\t\t\t\t\t<img loading=\"lazy\" decoding=\"async\" width=\"1706\" height=\"2560\" src=\"https:\/\/matulewiczpaslek.pl\/wp-content\/uploads\/2022\/09\/DSC_0710-1-scaled.jpg\" class=\"attachment-full size-full\" alt=\"\" srcset=\"https:\/\/matulewiczpaslek.pl\/wp-content\/uploads\/2022\/09\/DSC_0710-1-scaled.jpg 1706w, https:\/\/matulewiczpaslek.pl\/wp-content\/uploads\/2022\/09\/DSC_0710-1-200x300.jpg 200w, https:\/\/matulewiczpaslek.pl\/wp-content\/uploads\/2022\/09\/DSC_0710-1-683x1024.jpg 683w, https:\/\/matulewiczpaslek.pl\/wp-content\/uploads\/2022\/09\/DSC_0710-1-768x1152.jpg 768w, https:\/\/matulewiczpaslek.pl\/wp-content\/uploads\/2022\/09\/DSC_0710-1-1024x1536.jpg 1024w, https:\/\/matulewiczpaslek.pl\/wp-content\/uploads\/2022\/09\/DSC_0710-1-1365x2048.jpg 1365w\" sizes=\"auto, (max-width: 1706px) 100vw, 1706px\" \/>\t\t\t\t\t\t\t\t\t\t\t<a itemprop=\"image\" class=\"eltdf-ig-lightbox\" href=\"https:\/\/matulewiczpaslek.pl\/wp-content\/uploads\/2022\/09\/DSC_0710-1-scaled.jpg\" data-rel=\"prettyPhoto[image_gallery_pretty_photo-476]\" title=\"DSC_0710\">\n\t\t\t\t\t\t\t\t\t\t\t\t\t\t\t\t<\/a>\n\t\t\t\t\t\t\t\t\t<\/div>\n\t\t\t<\/div>\n\t\t\t<\/div>\n<\/div>[\/vc_column][\/vc_row][vc_row row_content_width=&#8221;grid&#8221; css=&#8221;.vc_custom_1664457387185{padding-top: 132px !important;padding-bottom: 80px !important;}&#8221;][vc_column]<div class=\"eltdf-elements-holder   eltdf-two-columns  eltdf-responsive-mode-1024 \" ><div class=\"eltdf-eh-item    \"  data-item-class=\"eltdf-eh-custom-6650\" data-1400-1600=\"0px 120px 8px 0px\" data-1025-1399=\"0px 75px 8px 0px\" data-769-1024=\"0px 75px 8px 0px\" data-681-768=\"0px 0px 8px\" data-680=\"0px 0px 8px\">\n\t<div class=\"eltdf-eh-item-inner\">\n\t\t<div class=\"eltdf-eh-item-content eltdf-eh-custom-6650\" style=\"padding: 8px 0px\">\n\t\t\t<div class=\"eltdf-gallery-blocks-holder eltdf-disable-bottom-space  eltdf-medium-space\">\n        <div class=\"eltdf-gb-images eltdf-outer-space\">\n        \t        \t            <div class=\"eltdf-gb-image eltdf-gb-featured-image eltdf-item-space\">\n            \t                \t                        <img loading=\"lazy\" decoding=\"async\" width=\"1024\" height=\"715\" src=\"https:\/\/matulewiczpaslek.pl\/wp-content\/uploads\/2022\/09\/DSC_0704-1-1024x715.jpg\" class=\"attachment-large size-large\" alt=\"\" srcset=\"https:\/\/matulewiczpaslek.pl\/wp-content\/uploads\/2022\/09\/DSC_0704-1-1024x715.jpg 1024w, https:\/\/matulewiczpaslek.pl\/wp-content\/uploads\/2022\/09\/DSC_0704-1-300x209.jpg 300w, https:\/\/matulewiczpaslek.pl\/wp-content\/uploads\/2022\/09\/DSC_0704-1-768x536.jpg 768w, https:\/\/matulewiczpaslek.pl\/wp-content\/uploads\/2022\/09\/DSC_0704-1-1536x1073.jpg 1536w, https:\/\/matulewiczpaslek.pl\/wp-content\/uploads\/2022\/09\/DSC_0704-1.jpg 1604w\" sizes=\"auto, (max-width: 1024px) 100vw, 1024px\" \/>                                    <\/div>\n            <\/div>\n<\/div>\t\t<\/div>\n\t<\/div>\n<\/div><div class=\"eltdf-eh-item   eltdf-horizontal-alignment-right \"  data-item-class=\"eltdf-eh-custom-7230\" data-1400-1600=\"0px 120px 8px 0px\" data-1025-1399=\"0px 75px 8px 0px\" data-769-1024=\"0px 170px 70px 0px\" data-681-768=\"0px 0px 70px\" data-680=\"0px 0px 70px\">\n\t<div class=\"eltdf-eh-item-inner\">\n\t\t<div class=\"eltdf-eh-item-content eltdf-eh-custom-7230\" style=\"padding: 0px 170px 8px 0px\">\n\t\t\t<div class=\"eltdf-section-title-holder  \" >\n\t<div class=\"eltdf-st-inner\">\n\t\t\t\t\t<div class=\"eltdf-st-tagline\" >\n\t\t\t\tBo\u017ce, b\u0105d\u017a mi\u0142o\u015bciw mnie grzesznemu...\t\t\t<\/div>\n\t\t\t\t\t\t\t<h3 class=\"eltdf-st-title\" >\n\t\t\t\tSakrament pokuty i pojednania\t\t\t<\/h3>\n\t\t\t\t\t\t\t<div class=\"eltdf-st-subtitle\" >\n\t\t\t\tw Niedziel\u0119: w czasie ka\u017cdej Mszy \u015bwi\u0119tej;\t\t\t<\/div>\n\t\t\t\t\t\t\t<p class=\"eltdf-st-text\" >\n\t\t\t\tw Dzie\u0144 powszedni: przed porann\u0105 Msz\u0105 \u015bw. od godz. 7.10; a przed wieczorn\u0105 od godz. 17.30;<br \/>\nw pierwszy pi\u0105tek miesi\u0105ca: od 17.30\t\t\t<\/p>\n\t\t\t\t\t<\/div>\n<\/div>\t\t<\/div>\n\t<\/div>\n<\/div><\/div>[\/vc_column][\/vc_row][vc_row row_content_width=&#8221;grid&#8221; css=&#8221;.vc_custom_1664457341460{padding-top: 80px !important;padding-bottom: 80px !important;}&#8221;][vc_column]<div class=\"eltdf-elements-holder   eltdf-two-columns  eltdf-responsive-mode-1024 \" ><div class=\"eltdf-eh-item    \"  data-item-class=\"eltdf-eh-custom-6238\" data-1400-1600=\"0px 120px 8px 0px\" data-1025-1399=\"0px 75px 8px 0px\" data-769-1024=\"0px 170px 70px 0px\" data-681-768=\"0px 0px 70px\" data-680=\"0px 0px 70px\">\n\t<div class=\"eltdf-eh-item-inner\">\n\t\t<div class=\"eltdf-eh-item-content eltdf-eh-custom-6238\" style=\"padding: 0px 170px 8px 0px\">\n\t\t\t<div class=\"eltdf-section-title-holder  \" >\n\t<div class=\"eltdf-st-inner\">\n\t\t\t\t\t<div class=\"eltdf-st-tagline\" >\n\t\t\t\tWielbie Ciebie w ka\u017cdym momencie...\t\t\t<\/div>\n\t\t\t\t\t\t\t<h3 class=\"eltdf-st-title\" >\n\t\t\t\tNabo\u017ce\u0144stwa tygodniowe\t\t\t<\/h3>\n\t\t\t\t\t\t\t<div class=\"eltdf-st-subtitle\" >\n\t\t\t\tAdoracja Naj\u015bwi\u0119tszego Sakramentu \u2013 ka\u017cdy czwartek od 15.00 \u2013 do 17.40.\t\t\t<\/div>\n\t\t\t\t\t\t\t<p class=\"eltdf-st-text\" >\n\t\t\t\tKoronka do Bo\u017cego Mi\u0142osierdzia \u2013 ka\u017cdy czwartek - 17.40<br \/>\nNowenna do Matki Bo\u017cej Nieustaj\u0105cej Pomocy \u2013 ka\u017cda \u015broda 17.40\t\t\t<\/p>\n\t\t\t\t\t<\/div>\n<\/div>\t\t<\/div>\n\t<\/div>\n<\/div><div class=\"eltdf-eh-item    \"  data-item-class=\"eltdf-eh-custom-1730\" data-769-1024=\"0px 0px 8px\" data-681-768=\"0px 0px 8px\" data-680=\"0px 0px 8px\">\n\t<div class=\"eltdf-eh-item-inner\">\n\t\t<div class=\"eltdf-eh-item-content eltdf-eh-custom-1730\" style=\"padding: 8px 0px\">\n\t\t\t<div class=\"eltdf-gallery-blocks-holder eltdf-disable-bottom-space  eltdf-medium-space\">\n        <div class=\"eltdf-gb-images eltdf-outer-space\">\n        \t        \t            <div class=\"eltdf-gb-image eltdf-gb-featured-image eltdf-item-space\">\n            \t                \t                        <img loading=\"lazy\" decoding=\"async\" width=\"1024\" height=\"683\" src=\"https:\/\/matulewiczpaslek.pl\/wp-content\/uploads\/2022\/09\/sacrament-1024x683.jpg\" class=\"attachment-large size-large\" alt=\"\" srcset=\"https:\/\/matulewiczpaslek.pl\/wp-content\/uploads\/2022\/09\/sacrament-1024x683.jpg 1024w, https:\/\/matulewiczpaslek.pl\/wp-content\/uploads\/2022\/09\/sacrament-300x200.jpg 300w, https:\/\/matulewiczpaslek.pl\/wp-content\/uploads\/2022\/09\/sacrament-768x512.jpg 768w, https:\/\/matulewiczpaslek.pl\/wp-content\/uploads\/2022\/09\/sacrament-1536x1024.jpg 1536w\" sizes=\"auto, (max-width: 1024px) 100vw, 1024px\" \/>                                    <\/div>\n            <\/div>\n<\/div>\t\t<\/div>\n\t<\/div>\n<\/div><\/div>[\/vc_column][\/vc_row][vc_row row_content_width=&#8221;grid&#8221; css=&#8221;.vc_custom_1664459546387{padding-top: 80px !important;padding-bottom: 25px !important;}&#8221;][vc_column]<div class=\"eltdf-elements-holder   eltdf-two-columns  eltdf-responsive-mode-1024 \" ><div class=\"eltdf-eh-item    \"  data-item-class=\"eltdf-eh-custom-9350\" data-1400-1600=\"0px 120px 8px 0px\" data-1025-1399=\"0px 75px 8px 0px\" data-769-1024=\"0px 75px 8px 0px\" data-681-768=\"0px 0px 8px\" data-680=\"0px 0px 8px\">\n\t<div class=\"eltdf-eh-item-inner\">\n\t\t<div class=\"eltdf-eh-item-content eltdf-eh-custom-9350\" style=\"padding: 8px 0px\">\n\t\t\t<div class=\"eltdf-gallery-blocks-holder eltdf-disable-bottom-space  eltdf-medium-space\">\n        <div class=\"eltdf-gb-images eltdf-outer-space\">\n        \t        \t            <div class=\"eltdf-gb-image eltdf-gb-featured-image eltdf-item-space\">\n            \t                \t                        <img loading=\"lazy\" decoding=\"async\" width=\"1024\" height=\"700\" src=\"https:\/\/matulewiczpaslek.pl\/wp-content\/uploads\/2022\/09\/nab-okresowe-1-1024x700.jpg\" class=\"attachment-large size-large\" alt=\"\" srcset=\"https:\/\/matulewiczpaslek.pl\/wp-content\/uploads\/2022\/09\/nab-okresowe-1-1024x700.jpg 1024w, https:\/\/matulewiczpaslek.pl\/wp-content\/uploads\/2022\/09\/nab-okresowe-1-300x205.jpg 300w, https:\/\/matulewiczpaslek.pl\/wp-content\/uploads\/2022\/09\/nab-okresowe-1-768x525.jpg 768w, https:\/\/matulewiczpaslek.pl\/wp-content\/uploads\/2022\/09\/nab-okresowe-1-1536x1051.jpg 1536w\" sizes=\"auto, (max-width: 1024px) 100vw, 1024px\" \/>                                    <\/div>\n            <\/div>\n<\/div>\t\t<\/div>\n\t<\/div>\n<\/div><div class=\"eltdf-eh-item   eltdf-horizontal-alignment-right \"  data-item-class=\"eltdf-eh-custom-9593\" data-1400-1600=\"0px 120px 8px 0px\" data-1025-1399=\"0px 75px 8px 0px\" data-769-1024=\"0px 170px 70px 0px\" data-681-768=\"0px 0px 70px\" data-680=\"0px 0px 70px\">\n\t<div class=\"eltdf-eh-item-inner\">\n\t\t<div class=\"eltdf-eh-item-content eltdf-eh-custom-9593\" style=\"padding: 0px 170px 8px 0px\">\n\t\t\t<div class=\"eltdf-section-title-holder  \" >\n\t<div class=\"eltdf-st-inner\">\n\t\t\t\t\t<div class=\"eltdf-st-tagline\" >\n\t\t\t\tK\u0142aniamy Ci si\u0119 Panie Jezu Chryste i b\u0142ogos\u0142awimy Tobie...\t\t\t<\/div>\n\t\t\t\t\t\t\t<h3 class=\"eltdf-st-title\" >\n\t\t\t\tNabo\u017ce\u0144stwa okresowe\t\t\t<\/h3>\n\t\t\t\t\t\t\t\t\t<\/div>\n<\/div>[vc_column_text]<span style=\"color: #ff0000;\"><strong>NABO\u017bE\u0143STWO R\u00d3\u017bA\u0143COWE<\/strong><\/span> &#8211; przez ca\u0142y pa\u017adziernik: od poniedzia\u0142ku do pi\u0105tku o godz. 17.30; w niedziel\u0119 o godz. 15.30; dla dzieci w poniedzia\u0142ek i \u015brod\u0119 o godz. 17.00.<\/p>\n<p><span style=\"color: #ff0000;\"><strong>WYPOMINKI<\/strong><\/span> &#8211; przez ca\u0142y listopad: od poniedzia\u0142ku do pi\u0105tku o godz. 17.30; w niedziel\u0119 o godz. 15.30.<\/p>\n<p><span style=\"color: #ff0000;\"><strong>RORATY<\/strong> <\/span>&#8211; w Adwencie: od poniedzia\u0142ku do soboty o godz. 6.00.[\/vc_column_text]\t\t<\/div>\n\t<\/div>\n<\/div><\/div>[\/vc_column][\/vc_row][vc_row row_content_width=&#8221;grid&#8221; css=&#8221;.vc_custom_1664459466996{padding-top: 25px !important;padding-bottom: 80px !important;}&#8221;][vc_column]<div class=\"eltdf-elements-holder   eltdf-two-columns  eltdf-responsive-mode-1024 \" ><div class=\"eltdf-eh-item    \"  data-item-class=\"eltdf-eh-custom-3430\" data-1400-1600=\"0px 120px 8px 0px\" data-1025-1399=\"0px 75px 8px 0px\" data-769-1024=\"0px 170px 70px 0px\" data-681-768=\"0px 0px 70px\" data-680=\"0px 0px 70px\">\n\t<div class=\"eltdf-eh-item-inner\">\n\t\t<div class=\"eltdf-eh-item-content eltdf-eh-custom-3430\" style=\"padding: 0px 170px 8px 0px\">\n\t\t\t[vc_column_text]<span style=\"color: #ff0000;\"><strong>DROGA KRZY\u017bOWA<\/strong><\/span> &#8211; w ka\u017cdy pi\u0105tek Wielkiego Postu o godz. 17.30; dla dzieci o godz. 17.00.<\/p>\n<p><span style=\"color: #ff0000;\"><strong>GORZKIE \u017bALE<\/strong><\/span> &#8211; z kazaniem pasyjnym: w ka\u017cd\u0105 niedziel\u0119 Wielkiego Postu o godz. 15.30.<\/p>\n<p><span style=\"color: #ff0000;\"><strong>MAJOWE<\/strong><\/span> &#8211; przez ca\u0142y maj: od poniedzia\u0142ku do pi\u0105tku o godz. 17.30; w niedziel\u0119 o godz. 15.30.<\/p>\n<p><span style=\"color: #ff0000;\"><strong>CZERWCOWE<\/strong><\/span> &#8211; przez ca\u0142y czerwiec: od poniedzia\u0142ku do pi\u0105tku o godz. 17.30; w niedziel\u0119 o godz. 15.30.[\/vc_column_text]<div class=\"eltdf-section-title-holder  \" >\n\t<div class=\"eltdf-st-inner\">\n\t\t\t\t\t\t\t\t\t\t\t<\/div>\n<\/div>\t\t<\/div>\n\t<\/div>\n<\/div><div class=\"eltdf-eh-item    \"  data-item-class=\"eltdf-eh-custom-8113\" data-769-1024=\"0px 0px 8px\" data-681-768=\"0px 0px 8px\" data-680=\"0px 0px 8px\">\n\t<div class=\"eltdf-eh-item-inner\">\n\t\t<div class=\"eltdf-eh-item-content eltdf-eh-custom-8113\" style=\"padding: 8px 0px\">\n\t\t\t<div class=\"eltdf-gallery-blocks-holder eltdf-disable-bottom-space  eltdf-medium-space\">\n        <div class=\"eltdf-gb-images eltdf-outer-space\">\n        \t        \t            <div class=\"eltdf-gb-image eltdf-gb-featured-image eltdf-item-space\">\n            \t                \t                        <img loading=\"lazy\" decoding=\"async\" width=\"1024\" height=\"700\" src=\"https:\/\/matulewiczpaslek.pl\/wp-content\/uploads\/2022\/09\/cross-1024x700.jpg\" class=\"attachment-large size-large\" alt=\"\" srcset=\"https:\/\/matulewiczpaslek.pl\/wp-content\/uploads\/2022\/09\/cross-1024x700.jpg 1024w, https:\/\/matulewiczpaslek.pl\/wp-content\/uploads\/2022\/09\/cross-300x205.jpg 300w, https:\/\/matulewiczpaslek.pl\/wp-content\/uploads\/2022\/09\/cross-768x525.jpg 768w, https:\/\/matulewiczpaslek.pl\/wp-content\/uploads\/2022\/09\/cross-1536x1051.jpg 1536w\" sizes=\"auto, (max-width: 1024px) 100vw, 1024px\" \/>                                    <\/div>\n            <\/div>\n<\/div>\t\t<\/div>\n\t<\/div>\n<\/div><\/div>[\/vc_column][\/vc_row]<\/p>\n","protected":false},"excerpt":{"rendered":"<p>[vc_row row_content_width=&#8221;grid&#8221; css=&#8221;.vc_custom_1566483388504{padding-top: 132px !important;padding-bottom: 132px !important;}&#8221;][vc_column][\/vc_column][\/vc_row][vc_row][vc_column][\/vc_column][\/vc_row][vc_row row_content_width=&#8221;grid&#8221; css=&#8221;.vc_custom_1664457387185{padding-top: 132px !important;padding-bottom: 80px !important;}&#8221;][vc_column][\/vc_column][\/vc_row][vc_row row_content_width=&#8221;grid&#8221; css=&#8221;.vc_custom_1664457341460{padding-top: 80px !important;padding-bottom: 80px !important;}&#8221;][vc_column][\/vc_column][\/vc_row][vc_row row_content_width=&#8221;grid&#8221; css=&#8221;.vc_custom_1664459546387{padding-top: 80px !important;padding-bottom: 25px !important;}&#8221;][vc_column][\/vc_column][\/vc_row][vc_row row_content_width=&#8221;grid&#8221; css=&#8221;.vc_custom_1664459466996{padding-top: 25px !important;padding-bottom: 80px !important;}&#8221;][vc_column][\/vc_column][\/vc_row]<\/p>\n","protected":false},"author":1,"featured_media":0,"parent":0,"menu_order":0,"comment_status":"closed","ping_status":"closed","template":"full-width.php","meta":{"footnotes":"","_links_to":"","_links_to_target":""},"class_list":["post-1109","page","type-page","status-publish","hentry"],"_links":{"self":[{"href":"https:\/\/matulewiczpaslek.pl\/index.php\/wp-json\/wp\/v2\/pages\/1109","targetHints":{"allow":["GET"]}}],"collection":[{"href":"https:\/\/matulewiczpaslek.pl\/index.php\/wp-json\/wp\/v2\/pages"}],"about":[{"href":"https:\/\/matulewiczpaslek.pl\/index.php\/wp-json\/wp\/v2\/types\/page"}],"author":[{"embeddable":true,"href":"https:\/\/matulewiczpaslek.pl\/index.php\/wp-json\/wp\/v2\/users\/1"}],"replies":[{"embeddable":true,"href":"https:\/\/matulewiczpaslek.pl\/index.php\/wp-json\/wp\/v2\/comments?post=1109"}],"version-history":[{"count":37,"href":"https:\/\/matulewiczpaslek.pl\/index.php\/wp-json\/wp\/v2\/pages\/1109\/revisions"}],"predecessor-version":[{"id":3806,"href":"https:\/\/matulewiczpaslek.pl\/index.php\/wp-json\/wp\/v2\/pages\/1109\/revisions\/3806"}],"wp:attachment":[{"href":"https:\/\/matulewiczpaslek.pl\/index.php\/wp-json\/wp\/v2\/media?parent=1109"}],"curies":[{"name":"wp","href":"https:\/\/api.w.org\/{rel}","templated":true}]}}